{"id":252700,"date":"2005-08-04T20:54:53","date_gmt":"2005-08-04T18:54:53","guid":{"rendered":"https:\/\/labidikm.net\/?page_id=252700"},"modified":"2025-03-05T08:41:52","modified_gmt":"2025-03-05T07:41:52","slug":"le-blog","status":"publish","type":"page","link":"https:\/\/labidikm.net\/fr\/le-blog\/","title":{"rendered":"Le Blog"},"content":{"rendered":"<p>[et_pb_section fb_built=\u00a0\u00bb1&Prime; admin_label=\u00a0\u00bbsection\u00a0\u00bb _builder_version=\u00a0\u00bb4.27.4&Prime; background_color=\u00a0\u00bb#0C71C3&Prime; use_background_color_gradient=\u00a0\u00bbon\u00a0\u00bb background_color_gradient_stops=\u00a0\u00bb#000000 0%|#0c71c3 99%\u00a0\u00bb background_image=\u00a0\u00bbhttps:\/\/labidikm.net\/wp-content\/uploads\/2022\/10\/charity-09.png\u00a0\u00bb transparent_background=\u00a0\u00bboff\u00a0\u00bb make_fullwidth=\u00a0\u00bboff\u00a0\u00bb use_custom_width=\u00a0\u00bboff\u00a0\u00bb width_unit=\u00a0\u00bbon\u00a0\u00bb locked=\u00a0\u00bboff\u00a0\u00bb global_colors_info=\u00a0\u00bb{}\u00a0\u00bb][et_pb_row admin_label=\u00a0\u00bbrang\u00e9e\u00a0\u00bb _builder_version=\u00a0\u00bb4.16&Prime; background_size=\u00a0\u00bbinitial\u00a0\u00bb background_position=\u00a0\u00bbtop_left\u00a0\u00bb background_repeat=\u00a0\u00bbrepeat\u00a0\u00bb global_colors_info=\u00a0\u00bb{}\u00a0\u00bb][et_pb_column type=\u00a0\u00bb4_4&Prime; _builder_version=\u00a0\u00bb4.16&Prime; custom_padding=\u00a0\u00bb|||\u00a0\u00bb global_colors_info=\u00a0\u00bb{}\u00a0\u00bb custom_padding__hover=\u00a0\u00bb|||\u00a0\u00bb][et_pb_text admin_label=\u00a0\u00bbText %22Contact Us%22&Prime; _builder_version=\u00a0\u00bb4.27.4&Prime; background_size=\u00a0\u00bbinitial\u00a0\u00bb background_position=\u00a0\u00bbtop_left\u00a0\u00bb background_repeat=\u00a0\u00bbrepeat\u00a0\u00bb text_orientation=\u00a0\u00bbcenter\u00a0\u00bb background_layout=\u00a0\u00bbdark\u00a0\u00bb module_alignment=\u00a0\u00bbcenter\u00a0\u00bb use_border_color=\u00a0\u00bboff\u00a0\u00bb border_color=\u00a0\u00bb#ffffff\u00a0\u00bb border_style=\u00a0\u00bbsolid\u00a0\u00bb saved_tabs=\u00a0\u00bball\u00a0\u00bb global_colors_info=\u00a0\u00bb{}\u00a0\u00bb]<\/p>\n<h1><strong>Le Blog<\/strong><\/h1>\n<p><strong class=\"ally-lines\"> Derniers articles sur le site de Massin Kevin Labidi <\/strong>[\/et_pb_text][\/et_pb_column][\/et_pb_row][\/et_pb_section][et_pb_section fb_built=\u00a0\u00bb1&Prime; admin_label=\u00a0\u00bbsection\u00a0\u00bb _builder_version=\u00a0\u00bb4.16&Prime; background_color=\u00a0\u00bb#f8f8f8&Prime; transparent_background=\u00a0\u00bboff\u00a0\u00bb make_fullwidth=\u00a0\u00bboff\u00a0\u00bb use_custom_width=\u00a0\u00bboff\u00a0\u00bb width_unit=\u00a0\u00bbon\u00a0\u00bb locked=\u00a0\u00bboff\u00a0\u00bb global_colors_info=\u00a0\u00bb{}\u00a0\u00bb][et_pb_row admin_label=\u00a0\u00bbrow\u00a0\u00bb _builder_version=\u00a0\u00bb4.16&Prime; background_size=\u00a0\u00bbinitial\u00a0\u00bb background_position=\u00a0\u00bbtop_left\u00a0\u00bb background_repeat=\u00a0\u00bbrepeat\u00a0\u00bb global_colors_info=\u00a0\u00bb{}\u00a0\u00bb][et_pb_column type=\u00a0\u00bb4_4&Prime; _builder_version=\u00a0\u00bb4.16&Prime; custom_padding=\u00a0\u00bb|||\u00a0\u00bb global_colors_info=\u00a0\u00bb{}\u00a0\u00bb custom_padding__hover=\u00a0\u00bb|||\u00a0\u00bb][et_pb_search _builder_version=\u00a0\u00bb4.27.4&Prime; _module_preset=\u00a0\u00bbdefault\u00a0\u00bb background_color=\u00a0\u00bb#D6D6D6&Prime; locked=\u00a0\u00bboff\u00a0\u00bb global_colors_info=\u00a0\u00bb{}\u00a0\u00bb][\/et_pb_search][et_pb_text _builder_version=\u00a0\u00bb4.27.4&Prime; _module_preset=\u00a0\u00bbdefault\u00a0\u00bb global_colors_info=\u00a0\u00bb{}\u00a0\u00bb]<\/p>\n<h2 data-start=\"0\" data-end=\"31\">Le Blog : Les Derniers Articles<\/h2>\n<p data-start=\"33\" data-end=\"833\" data-is-last-node=\"\" data-is-only-node=\"\">Bienvenue sur notre <a href=\"https:\/\/fr.wikipedia.org\/wiki\/Blog\" target=\"_blank\" rel=\"noopener\">blog<\/a>, o\u00f9 nous proposons des analyses critiques approfondies et des perspectives cr\u00e9atives qui contribuent \u00e0 b\u00e2tir une soci\u00e9t\u00e9 \u00e9clair\u00e9e. Dans cet espace libre, nous exprimons nos id\u00e9es sans contraintes et nous \u0153uvrons pour renforcer la libert\u00e9 d&rsquo;expression et la pens\u00e9e critique afin de relever les d\u00e9fis de notre \u00e9poque. Nous abordons les questions politiques, culturelles et sociales avec un style alliant vision analytique et r\u00e9alisme, ouvrant ainsi de nouvelles perspectives pour le dialogue et l&rsquo;innovation. Chaque id\u00e9e exprim\u00e9e repr\u00e9sente une avanc\u00e9e vers un avenir radieux, fond\u00e9 sur la cr\u00e9ativit\u00e9 et l&rsquo;innovation. Nous vous invitons \u00e0 participer activement \u00e0 ce mouvement intellectuel et \u00e0 red\u00e9finir avec nous les limites de l&rsquo;expression pour \u00e9clairer le chemin du progr\u00e8s.<\/p>\n<p>[\/et_pb_text][et_pb_blog include_categories=\u00a0\u00bball\u00a0\u00bb use_manual_excerpt=\u00a0\u00bboff\u00a0\u00bb show_more=\u00a0\u00bbon\u00a0\u00bb show_author=\u00a0\u00bboff\u00a0\u00bb show_comments=\u00a0\u00bbon\u00a0\u00bb use_overlay=\u00a0\u00bbon\u00a0\u00bb overlay_icon_color=\u00a0\u00bb#ffffff\u00a0\u00bb hover_icon=\u00a0\u00bb&#xe610;||divi||400&Prime; admin_label=\u00a0\u00bbBlog &#8211; List\u00a0\u00bb module_class=\u00a0\u00bbally-blog-list\u00a0\u00bb _builder_version=\u00a0\u00bb4.27.4&Prime; header_font=\u00a0\u00bb|600|||||||\u00a0\u00bb header_font_size=\u00a0\u00bb18px\u00a0\u00bb header_line_height=\u00a0\u00bb1.7em\u00a0\u00bb body_text_color=\u00a0\u00bb#000000&Prime; meta_font_size=\u00a0\u00bb12px\u00a0\u00bb custom_margin=\u00a0\u00bb0px||||false|false\u00a0\u00bb custom_padding=\u00a0\u00bb||||false|false\u00a0\u00bb header_line_height_tablet=\u00a0\u00bb1.7em\u00a0\u00bb header_line_height_phone=\u00a0\u00bb1.5em\u00a0\u00bb header_line_height_last_edited=\u00a0\u00bbon|phone\u00a0\u00bb pagination_font_size_tablet=\u00a0\u00bb51&Prime; pagination_line_height_tablet=\u00a0\u00bb2&Prime; use_dropshadow=\u00a0\u00bboff\u00a0\u00bb global_colors_info=\u00a0\u00bb{}\u00a0\u00bb][\/et_pb_blog][\/et_pb_column][\/et_pb_row][\/et_pb_section]<\/p>\n","protected":false},"excerpt":{"rendered":"<p>Le Blog : Derniers articles sur le site de Massin Kevin Labidi<\/p>\n","protected":false},"author":3,"featured_media":255931,"parent":0,"menu_order":7,"comment_status":"closed","ping_status":"closed","template":"","meta":{"_et_pb_use_builder":"on","_et_pb_old_content":"","_et_gb_content_width":"","footnotes":""},"class_list":["post-252700","page","type-page","status-publish","has-post-thumbnail","hentry"],"_links":{"self":[{"href":"https:\/\/labidikm.net\/fr\/wp-json\/wp\/v2\/pages\/252700","targetHints":{"allow":["GET"]}}],"collection":[{"href":"https:\/\/labidikm.net\/fr\/wp-json\/wp\/v2\/pages"}],"about":[{"href":"https:\/\/labidikm.net\/fr\/wp-json\/wp\/v2\/types\/page"}],"author":[{"embeddable":true,"href":"https:\/\/labidikm.net\/fr\/wp-json\/wp\/v2\/users\/3"}],"replies":[{"embeddable":true,"href":"https:\/\/labidikm.net\/fr\/wp-json\/wp\/v2\/comments?post=252700"}],"version-history":[{"count":0,"href":"https:\/\/labidikm.net\/fr\/wp-json\/wp\/v2\/pages\/252700\/revisions"}],"wp:featuredmedia":[{"embeddable":true,"href":"https:\/\/labidikm.net\/fr\/wp-json\/wp\/v2\/media\/255931"}],"wp:attachment":[{"href":"https:\/\/labidikm.net\/fr\/wp-json\/wp\/v2\/media?parent=252700"}],"curies":[{"name":"wp","href":"https:\/\/api.w.org\/{rel}","templated":true}]}}