{"id":250968,"date":"2005-08-04T22:38:53","date_gmt":"2005-08-04T20:38:53","guid":{"rendered":"https:\/\/labidikm.net\/?page_id=250968"},"modified":"2025-03-11T14:30:35","modified_gmt":"2025-03-11T13:30:35","slug":"biographie","status":"publish","type":"page","link":"https:\/\/labidikm.net\/fr\/biographie\/","title":{"rendered":"Biographie"},"content":{"rendered":"<p>[et_pb_section fb_built=\u00a0\u00bb1&Prime; admin_label=\u00a0\u00bbsection\u00a0\u00bb _builder_version=\u00a0\u00bb4.27.4&Prime; background_color=\u00a0\u00bb#0C71C3&Prime; use_background_color_gradient=\u00a0\u00bbon\u00a0\u00bb background_color_gradient_stops=\u00a0\u00bb#000000 0%|#0c71c3 99%\u00a0\u00bb background_image=\u00a0\u00bbhttps:\/\/labidikm.net\/wp-content\/uploads\/2022\/10\/charity-09.png\u00a0\u00bb transparent_background=\u00a0\u00bboff\u00a0\u00bb make_fullwidth=\u00a0\u00bboff\u00a0\u00bb use_custom_width=\u00a0\u00bboff\u00a0\u00bb width_unit=\u00a0\u00bbon\u00a0\u00bb locked=\u00a0\u00bboff\u00a0\u00bb global_colors_info=\u00a0\u00bb{}\u00a0\u00bb][et_pb_row admin_label=\u00a0\u00bbrow\u00a0\u00bb _builder_version=\u00a0\u00bb4.16&Prime; background_size=\u00a0\u00bbinitial\u00a0\u00bb background_position=\u00a0\u00bbtop_left\u00a0\u00bb background_repeat=\u00a0\u00bbrepeat\u00a0\u00bb global_colors_info=\u00a0\u00bb{}\u00a0\u00bb][et_pb_column type=\u00a0\u00bb4_4&Prime; _builder_version=\u00a0\u00bb4.16&Prime; custom_padding=\u00a0\u00bb|||\u00a0\u00bb global_colors_info=\u00a0\u00bb{}\u00a0\u00bb custom_padding__hover=\u00a0\u00bb|||\u00a0\u00bb][et_pb_text admin_label=\u00a0\u00bbText %22About Us%22&Prime; _builder_version=\u00a0\u00bb4.27.4&Prime; background_size=\u00a0\u00bbinitial\u00a0\u00bb background_position=\u00a0\u00bbtop_left\u00a0\u00bb background_repeat=\u00a0\u00bbrepeat\u00a0\u00bb text_orientation=\u00a0\u00bbcenter\u00a0\u00bb background_layout=\u00a0\u00bbdark\u00a0\u00bb module_alignment=\u00a0\u00bbcenter\u00a0\u00bb use_border_color=\u00a0\u00bboff\u00a0\u00bb border_color=\u00a0\u00bb#ffffff\u00a0\u00bb border_style=\u00a0\u00bbsolid\u00a0\u00bb saved_tabs=\u00a0\u00bball\u00a0\u00bb global_colors_info=\u00a0\u00bb{}\u00a0\u00bb]<\/p>\n<h1>Biographie<\/h1>\n<p><strong class=\"ally-lines\">Le portail officiel de Massin Kevin Labidi<\/strong><\/p>\n<p>[\/et_pb_text][\/et_pb_column][\/et_pb_row][\/et_pb_section][et_pb_section fb_built=\u00a0\u00bb1&Prime; _builder_version=\u00a0\u00bb4.16&Prime; locked=\u00a0\u00bboff\u00a0\u00bb global_colors_info=\u00a0\u00bb{}\u00a0\u00bb][et_pb_row _builder_version=\u00a0\u00bb4.27.4&Prime; _module_preset=\u00a0\u00bbdefault\u00a0\u00bb locked=\u00a0\u00bboff\u00a0\u00bb global_colors_info=\u00a0\u00bb{}\u00a0\u00bb][et_pb_column type=\u00a0\u00bb4_4&Prime; _builder_version=\u00a0\u00bb4.27.4&Prime; _module_preset=\u00a0\u00bbdefault\u00a0\u00bb global_colors_info=\u00a0\u00bb{}\u00a0\u00bb][et_pb_search _builder_version=\u00a0\u00bb4.27.4&Prime; _module_preset=\u00a0\u00bbdefault\u00a0\u00bb background_color=\u00a0\u00bb#D6D6D6&Prime; global_colors_info=\u00a0\u00bb{}\u00a0\u00bb][\/et_pb_search][\/et_pb_column][\/et_pb_row][et_pb_row use_custom_gutter=\u00a0\u00bbon\u00a0\u00bb _builder_version=\u00a0\u00bb4.16&Prime; background_size=\u00a0\u00bbinitial\u00a0\u00bb background_position=\u00a0\u00bbtop_left\u00a0\u00bb background_repeat=\u00a0\u00bbrepeat\u00a0\u00bb make_fullwidth=\u00a0\u00bboff\u00a0\u00bb use_custom_width=\u00a0\u00bboff\u00a0\u00bb width_unit=\u00a0\u00bbon\u00a0\u00bb global_colors_info=\u00a0\u00bb{}\u00a0\u00bb][et_pb_column type=\u00a0\u00bb4_4&Prime; _builder_version=\u00a0\u00bb4.16&Prime; custom_padding=\u00a0\u00bb|||\u00a0\u00bb global_colors_info=\u00a0\u00bb{}\u00a0\u00bb custom_padding__hover=\u00a0\u00bb|||\u00a0\u00bb][et_pb_text admin_label=\u00a0\u00bbText %22Our Story%22&Prime; _builder_version=\u00a0\u00bb4.27.4&Prime; background_size=\u00a0\u00bbinitial\u00a0\u00bb background_position=\u00a0\u00bbtop_left\u00a0\u00bb background_repeat=\u00a0\u00bbrepeat\u00a0\u00bb module_alignment=\u00a0\u00bbleft\u00a0\u00bb use_border_color=\u00a0\u00bboff\u00a0\u00bb border_color=\u00a0\u00bb#ffffff\u00a0\u00bb border_style=\u00a0\u00bbsolid\u00a0\u00bb global_colors_info=\u00a0\u00bb{}\u00a0\u00bb]<\/p>\n<h2>Biographie<\/h2>\n<p style=\"text-align: justify;\">Pr\u00e9c\u00e9demment connu sous le nom de <a title=\"Masin Kevin Labidi\" href=\"https:\/\/en.wikipedia.org\/wiki\/Massin_Kevin_Labidi\" target=\"_blank\" rel=\"noopener\">Mohamed Karim Labidi<\/a>, en caract\u00e8res tifinagh (\u2d4e\u2d30\u2d59\u2d49\u2d4f \u2d3d\u2d49\u2d3c\u2d49\u2d4f \u2d30\u2d4d\u2d44\u2d31\u2d49\u2d37\u2d49), n\u00e9 le 4 ao\u00fbt 1966 \u00e0 Tunis, il est un Tunisien-n\u00e9erlandais d&rsquo;origine amazighe.<\/p>\n<p style=\"text-align: justify;\">Cette plateforme est une fen\u00eatre qui met en lumi\u00e8re son parcours en tant qu&rsquo;activiste politique et blogueur reconnu pour ses critiques, ainsi que son voyage intellectuel qui a vu son renoncement \u00e0 l&rsquo;islam en 1998 et son annonce de l&rsquo;ath\u00e9isme.<\/p>\n<p style=\"text-align: justify;\">Il r\u00e9sume sa croyance, qu\u2019il appelle \u00ab <strong>la Foi Ath\u00e9e <\/strong>\u00bb, par la phrase : \u00ab <strong>Personne n&rsquo;est le ma\u00eetre de personne, chacun est le ma\u00eetre de soi-m\u00eame <\/strong>\u00bb.<\/p>\n<hr \/>\n<h3><strong>Principales \u00e9tapes de sa vie<\/strong><\/h3>\n<ul>\n<li><strong>\u00c9ducation et orientation islamique :<\/strong><br \/>Massin a grandi dans une famille sunnite traditionnelle en Tunisie, \u00e9tant l&rsquo;un des neuf enfants. Il a \u00e9t\u00e9 influenc\u00e9 par sa s\u0153ur Samira, mari\u00e9e \u00e0 Salah Karker, l&rsquo;un des dirigeants du Mouvement Ennahda. Il a \u00e9tudi\u00e9 la pens\u00e9e islamique chiite en Iran et s&rsquo;est impliqu\u00e9 dans des r\u00e9seaux politiques chiites.<\/li>\n<li><strong>Engagement politique :<\/strong><br \/>Massin a particip\u00e9 \u00e0 des activit\u00e9s politiques islamistes en collaboration avec l&rsquo;Iran et le Mouvement Ennahda avant d&rsquo;\u00eatre arr\u00eat\u00e9 en Tunisie en 1987. Apr\u00e8s sa lib\u00e9ration, il a abandonn\u00e9 les r\u00e9seaux chiites et a \u00e9t\u00e9 influenc\u00e9 par le soufisme et la gnose lors de ses voyages \u00e0 travers le Maroc et d&rsquo;autres pays.<\/li>\n<\/ul>\n<hr \/>\n<h3><strong>Critique de l&rsquo;islam :<\/strong><\/h3>\n<p>Massin a d\u00e9clar\u00e9 son ath\u00e9isme en 1998 et a commenc\u00e9 \u00e0 critiquer l&rsquo;islam politique. En 2001, il a fond\u00e9 la premi\u00e8re association pour les ex-musulmans en Tunisie. Cependant, les autorit\u00e9s ont interdit ses activit\u00e9s en 2006 et l&rsquo;ont plac\u00e9 en r\u00e9sidence surveill\u00e9e informelle jusqu&rsquo;en 2011.<\/p>\n<hr \/>\n<h3><strong>Activit\u00e9s politiques et culturelles :<\/strong><\/h3>\n<ul>\n<li>Massin a demand\u00e9 l&rsquo;asile aux Pays-Bas en 2012 et a officiellement chang\u00e9 son nom en Massin Kevin.<\/li>\n<li>En 2015, il a fond\u00e9 le mouvement \u201cMCAN\u201d pour d\u00e9fendre les droits des Amazighs et les libert\u00e9s individuelles.<\/li>\n<li>Il a particip\u00e9 \u00e0 des conf\u00e9rences et des manifestations en faveur des droits des Amazighs, de l&rsquo;\u00e9galit\u00e9 des genres et de la libert\u00e9 d&rsquo;expression en Tunisie, au Maroc et \u00e0 travers l&rsquo;Europe.<\/li>\n<\/ul>\n<hr \/>\n<h3><strong>Livres et pr\u00e9sence m\u00e9diatique :<\/strong><\/h3>\n<ul>\n<li>Massin est l&rsquo;auteur du livre<strong>\u00ab\u00a0<a title=\" Livre audio complet en Fran\u00e7ais href=\" target=\"_blank\" rel=\"noopener\">\u00ab Ma vie, ma Tunisie \u00bb<\/a>\u00ab\u00a0<\/strong> qui retrace son exp\u00e9rience avec l&rsquo;islam politique.<\/li>\n<li>Il g\u00e8re activement des cha\u00eenes YouTube et des plateformes de r\u00e9seaux sociaux o\u00f9 il critique l&rsquo;islam et aborde des questions politiques et culturelles.<\/li>\n<\/ul>\n<p style=\"text-align: right;\"><a href=\"https:\/\/labidikm.net\/fr\/contactez-nous\/\">Contactez-nous<\/a><\/p>\n<p>[\/et_pb_text][\/et_pb_column][\/et_pb_row][et_pb_row column_structure=\u00a0\u00bb1_3,1_3,1_3&Prime; use_custom_gutter=\u00a0\u00bbon\u00a0\u00bb _builder_version=\u00a0\u00bb4.27.4&Prime; background_size=\u00a0\u00bbinitial\u00a0\u00bb background_position=\u00a0\u00bbtop_left\u00a0\u00bb background_repeat=\u00a0\u00bbrepeat\u00a0\u00bb make_fullwidth=\u00a0\u00bboff\u00a0\u00bb use_custom_width=\u00a0\u00bboff\u00a0\u00bb width_unit=\u00a0\u00bbon\u00a0\u00bb locked=\u00a0\u00bboff\u00a0\u00bb global_colors_info=\u00a0\u00bb{}\u00a0\u00bb][et_pb_column type=\u00a0\u00bb1_3&Prime; _builder_version=\u00a0\u00bb4.16&Prime; custom_padding=\u00a0\u00bb|||\u00a0\u00bb global_colors_info=\u00a0\u00bb{}\u00a0\u00bb custom_padding__hover=\u00a0\u00bb|||\u00a0\u00bb][et_pb_image src=\u00a0\u00bbhttps:\/\/labidikm.net\/wp-content\/uploads\/2025\/01\/\u0645\u0627\u0633\u064a\u0646-\u0643\u064a\u0641\u0646-\u0641\u064a-\u0645\u0624\u0627\u062a\u0645\u0631-\u0628\u0627\u0631\u064a\u0633.jpg\u00a0\u00bb alt=\u00a0\u00bbBiographie\u00a0\u00bb title_text=\u00a0\u00bbBiographie\u00a0\u00bb align_tablet=\u00a0\u00bbcenter\u00a0\u00bb align_phone=\u00a0\u00bbcenter\u00a0\u00bb align_last_edited=\u00a0\u00bbon|desktop\u00a0\u00bb admin_label=\u00a0\u00bbImage with gradient overlay and tilt effect\u00a0\u00bb module_class=\u00a0\u00bbally-tilt ally-image-overlay\u00a0\u00bb _builder_version=\u00a0\u00bb4.27.4&Prime; max_width=\u00a0\u00bb400px\u00a0\u00bb custom_margin=\u00a0\u00bb50px|||\u00a0\u00bb custom_margin_tablet=\u00a0\u00bb0px|||\u00a0\u00bb custom_margin_phone=\u00a0\u00bb\u00a0\u00bb custom_margin_last_edited=\u00a0\u00bbon|phone\u00a0\u00bb animation_direction=\u00a0\u00bbleft\u00a0\u00bb animation=\u00a0\u00bbleft\u00a0\u00bb sticky=\u00a0\u00bboff\u00a0\u00bb always_center_on_mobile=\u00a0\u00bbon\u00a0\u00bb global_colors_info=\u00a0\u00bb{}\u00a0\u00bb][\/et_pb_image][\/et_pb_column][et_pb_column type=\u00a0\u00bb1_3&Prime; _builder_version=\u00a0\u00bb4.16&Prime; custom_padding=\u00a0\u00bb|||\u00a0\u00bb global_colors_info=\u00a0\u00bb{}\u00a0\u00bb custom_padding__hover=\u00a0\u00bb|||\u00a0\u00bb][et_pb_code _builder_version=\u00a0\u00bb4.27.4&Prime; _module_preset=\u00a0\u00bbdefault\u00a0\u00bb global_colors_info=\u00a0\u00bb{}\u00a0\u00bb]<\/p>\n<div style=\"border: 1px solid #ccc; padding: 15px; margin-bottom: 20px; background-color: #e7f3fe; border-radius: 5px;\"><!-- [et_pb_line_break_holder] --><pee style=\"text-align: center; font-weight: bold; margin-bottom: 10px; color: #333;\">Ceci est une publicit\u00e9<\/pee><!-- [et_pb_line_break_holder] --><script async src=\"https:\/\/pagead2.googlesyndication.com\/pagead\/js\/adsbygoogle.js?client=ca-pub-7054391168514340\" crossorigin=\"anonymous\"><\/script> <ins class=\"adsbygoogle\" style=\"display: block; text-align: center;\" data-ad-layout=\"in-article\" data-ad-format=\"fluid\" data-ad-client=\"ca-pub-7054391168514340\" data-ad-slot=\"6818903256\"><\/ins> <script><!-- [et_pb_line_break_holder] -->       (adsbygoogle = window.adsbygoogle || []).push({});<!-- [et_pb_line_break_holder] -->  <\/script><\/div>\n<p><!-- [et_pb_line_break_holder] -->[\/et_pb_code][\/et_pb_column][et_pb_column type=\u00a0\u00bb1_3&Prime; _builder_version=\u00a0\u00bb4.16&Prime; custom_padding=\u00a0\u00bb|||\u00a0\u00bb global_colors_info=\u00a0\u00bb{}\u00a0\u00bb custom_padding__hover=\u00a0\u00bb|||\u00a0\u00bb][et_pb_image src=\u00a0\u00bbhttps:\/\/labidikm.net\/wp-content\/uploads\/2025\/01\/\u0645\u0627\u0633\u064a\u0646-\u0643\u064a\u0641\u0646-\u0627\u0644\u0639\u0628\u064a\u062f\u064a-\u064a\u062d\u0645\u0644-\u0627\u0644\u0639\u0644\u0645-\u0627\u0644\u0627\u0645\u0627\u0632\u064a\u063a\u064a.jpg\u00a0\u00bb alt=\u00a0\u00bbBiographie\u00a0\u00bb title_text=\u00a0\u00bbBiographie\u00a0\u00bb align_tablet=\u00a0\u00bbcenter\u00a0\u00bb align_phone=\u00a0\u00bbcenter\u00a0\u00bb align_last_edited=\u00a0\u00bbon|desktop\u00a0\u00bb admin_label=\u00a0\u00bbImage with gradient overlay and tilt effect\u00a0\u00bb module_class=\u00a0\u00bbally-tilt ally-image-overlay\u00a0\u00bb _builder_version=\u00a0\u00bb4.27.4&Prime; max_width=\u00a0\u00bb400px\u00a0\u00bb custom_margin=\u00a0\u00bb50px|||\u00a0\u00bb custom_margin_tablet=\u00a0\u00bb0px|||\u00a0\u00bb custom_margin_phone=\u00a0\u00bb\u00a0\u00bb custom_margin_last_edited=\u00a0\u00bbon|phone\u00a0\u00bb animation_direction=\u00a0\u00bbright\u00a0\u00bb animation=\u00a0\u00bbright\u00a0\u00bb sticky=\u00a0\u00bboff\u00a0\u00bb always_center_on_mobile=\u00a0\u00bbon\u00a0\u00bb global_colors_info=\u00a0\u00bb{}\u00a0\u00bb][\/et_pb_image][\/et_pb_column][\/et_pb_row][\/et_pb_section]<\/p>\n","protected":false},"excerpt":{"rendered":"<p>Biographie : Pr\u00e9c\u00e9demment connu sous le nom de Mohamed Karim Labidi,  n\u00e9 le 4 ao\u00fbt 1966 \u00e0 Tunis&#8230;<\/p>\n","protected":false},"author":3,"featured_media":25104000,"parent":0,"menu_order":2,"comment_status":"closed","ping_status":"closed","template":"","meta":{"_et_pb_use_builder":"on","_et_pb_old_content":"","_et_gb_content_width":"","footnotes":""},"class_list":["post-250968","page","type-page","status-publish","has-post-thumbnail","hentry"],"_links":{"self":[{"href":"https:\/\/labidikm.net\/fr\/wp-json\/wp\/v2\/pages\/250968","targetHints":{"allow":["GET"]}}],"collection":[{"href":"https:\/\/labidikm.net\/fr\/wp-json\/wp\/v2\/pages"}],"about":[{"href":"https:\/\/labidikm.net\/fr\/wp-json\/wp\/v2\/types\/page"}],"author":[{"embeddable":true,"href":"https:\/\/labidikm.net\/fr\/wp-json\/wp\/v2\/users\/3"}],"replies":[{"embeddable":true,"href":"https:\/\/labidikm.net\/fr\/wp-json\/wp\/v2\/comments?post=250968"}],"version-history":[{"count":0,"href":"https:\/\/labidikm.net\/fr\/wp-json\/wp\/v2\/pages\/250968\/revisions"}],"wp:featuredmedia":[{"embeddable":true,"href":"https:\/\/labidikm.net\/fr\/wp-json\/wp\/v2\/media\/25104000"}],"wp:attachment":[{"href":"https:\/\/labidikm.net\/fr\/wp-json\/wp\/v2\/media?parent=250968"}],"curies":[{"name":"wp","href":"https:\/\/api.w.org\/{rel}","templated":true}]}}